{"id":623,"date":"2024-02-02T20:00:52","date_gmt":"2024-02-02T19:00:52","guid":{"rendered":"https:\/\/www.asso-tempsdanse.fr\/?page_id=623"},"modified":"2025-05-01T21:50:04","modified_gmt":"2025-05-01T19:50:04","slug":"actualites","status":"publish","type":"page","link":"https:\/\/www.asso-tempsdanse.fr\/index.php\/actualites\/","title":{"rendered":"Actualit\u00e9s"},"content":{"rendered":"\t\t<div data-elementor-type=\"wp-page\" data-elementor-id=\"623\" class=\"elementor elementor-623\">\n\t\t\t\t\t\t\t<div class=\"elementor-element elementor-element-1466437 e-flex e-con-boxed wpr-jarallax-no wpr-sticky-section-no e-con e-parent\" data-id=\"1466437\" data-element_type=\"container\" data-settings=\"{&quot;content_width&quot;:&quot;boxed&quot;}\" data-core-v316-plus=\"true\">\n\t\t\t\t\t<div class=\"e-con-inner\">\n\t\t<div class=\"elementor-element elementor-element-00bcc1b e-con-full e-flex wpr-jarallax-no wpr-sticky-section-no e-con e-child\" data-id=\"00bcc1b\" data-element_type=\"container\" data-settings=\"{&quot;content_width&quot;:&quot;full&quot;}\">\n\t\t<div class=\"elementor-element elementor-element-4f5988f e-con-full e-flex wpr-jarallax-no wpr-sticky-section-no e-con e-child\" data-id=\"4f5988f\" data-element_type=\"container\" data-settings=\"{&quot;content_width&quot;:&quot;full&quot;}\">\n\t\t\t\t<div class=\"elementor-element elementor-element-855bfc8 elementor-widget elementor-widget-heading\" data-id=\"855bfc8\" data-element_type=\"widget\" data-widget_type=\"heading.default\">\n\t\t\t\t<div class=\"elementor-widget-container\">\n\t\t\t<style>\/*! elementor - v3.18.0 - 20-12-2023 *\/\n.elementor-heading-title{padding:0;margin:0;line-height:1}.elementor-widget-heading .elementor-heading-title[class*=elementor-size-]>a{color:inherit;font-size:inherit;line-height:inherit}.elementor-widget-heading .elementor-heading-title.elementor-size-small{font-size:15px}.elementor-widget-heading .elementor-heading-title.elementor-size-medium{font-size:19px}.elementor-widget-heading .elementor-heading-title.elementor-size-large{font-size:29px}.elementor-widget-heading .elementor-heading-title.elementor-size-xl{font-size:39px}.elementor-widget-heading .elementor-heading-title.elementor-size-xxl{font-size:59px}<\/style><h2 class=\"elementor-heading-title elementor-size-default\">ACTUALIT\u00c9S\u200b<\/h2>\t\t<\/div>\n\t\t\t\t<\/div>\n\t\t\t\t<\/div>\n\t\t\t\t<div class=\"elementor-element elementor-element-82861f4 wpr-grid-columns-3 wpr-grid-columns--tablet2 wpr-grid-columns--mobile1 wpr-grid-pagination-center wpr-item-styles-inner elementor-widget elementor-widget-wpr-grid\" data-id=\"82861f4\" data-element_type=\"widget\" data-widget_type=\"wpr-grid.default\">\n\t\t\t\t<div class=\"elementor-widget-container\">\n\t\t\t<ul class=\"wpr-grid-filters elementor-clearfix wpr-grid-filters-sep-right\"><li class=\" wpr-pointer-none wpr-pointer-line-fx wpr-pointer-fx-none\"><span  data-filter=\".category-informations-2\">Gala<\/span><em class=\"wpr-grid-filters-sep\"><\/em><\/li><li class=\" wpr-pointer-none wpr-pointer-line-fx wpr-pointer-fx-none\"><span  data-filter=\".category-informations\">Informations<\/span><em class=\"wpr-grid-filters-sep\"><\/em><\/li><\/ul><section class=\"wpr-grid elementor-clearfix\" data-settings=\"{&quot;layout&quot;:&quot;fitRows&quot;,&quot;stick_last_element_to_bottom&quot;:&quot;&quot;,&quot;columns_desktop&quot;:3,&quot;gutter_hr&quot;:40,&quot;gutter_hr_mobile&quot;:24,&quot;gutter_hr_mobile_extra&quot;:24,&quot;gutter_hr_tablet&quot;:24,&quot;gutter_hr_tablet_extra&quot;:40,&quot;gutter_hr_laptop&quot;:40,&quot;gutter_hr_widescreen&quot;:40,&quot;gutter_vr&quot;:40,&quot;gutter_vr_mobile&quot;:48,&quot;gutter_vr_mobile_extra&quot;:48,&quot;gutter_vr_tablet&quot;:48,&quot;gutter_vr_tablet_extra&quot;:40,&quot;gutter_vr_laptop&quot;:40,&quot;gutter_vr_widescreen&quot;:40,&quot;animation&quot;:&quot;default&quot;,&quot;animation_duration&quot;:0.3,&quot;animation_delay&quot;:0.1,&quot;deeplinking&quot;:&quot;&quot;,&quot;filters_linkable&quot;:&quot;&quot;,&quot;filters_default_filter&quot;:&quot;&quot;,&quot;filters_count&quot;:&quot;&quot;,&quot;filters_hide_empty&quot;:&quot;&quot;,&quot;filters_animation&quot;:&quot;default&quot;,&quot;filters_animation_duration&quot;:0.3,&quot;filters_animation_delay&quot;:0.1,&quot;pagination_type&quot;:&quot;load-more&quot;,&quot;pagination_max_pages&quot;:1,&quot;lightbox&quot;:{&quot;selector&quot;:&quot;.wpr-grid-image-wrap&quot;,&quot;iframeMaxWidth&quot;:&quot;60%&quot;,&quot;hash&quot;:false,&quot;autoplay&quot;:&quot;true&quot;,&quot;pause&quot;:5000,&quot;progressBar&quot;:&quot;true&quot;,&quot;counter&quot;:&quot;true&quot;,&quot;controls&quot;:&quot;true&quot;,&quot;getCaptionFromTitleOrAlt&quot;:&quot;true&quot;,&quot;thumbnail&quot;:&quot;&quot;,&quot;showThumbByDefault&quot;:&quot;&quot;,&quot;share&quot;:&quot;&quot;,&quot;zoom&quot;:&quot;true&quot;,&quot;fullScreen&quot;:&quot;true&quot;,&quot;download&quot;:&quot;true&quot;}}\"><article class=\"wpr-grid-item elementor-clearfix post-1477 post type-post status-publish format-standard has-post-thumbnail hentry category-informations entry has-media\"><div class=\"wpr-grid-item-inner\"><div class=\"wpr-grid-media-wrap wpr-effect-size-medium \" data-overlay-link=\"yes\"><div class=\"wpr-grid-image-wrap\" data-src=\"https:\/\/www.asso-tempsdanse.fr\/wp-content\/uploads\/2025\/08\/d435b148-11db-4f78-8573-2673ac1a93ee-e1756406746152.jpeg\" data-img-on-hover=\"\"  data-src-secondary=\"\"><img decoding=\"async\" data-no-lazy=\"1\" src=\"https:\/\/www.asso-tempsdanse.fr\/wp-content\/uploads\/2025\/08\/d435b148-11db-4f78-8573-2673ac1a93ee-e1756406746152.jpeg\" alt=\"Sortie Spectacle \u00e0 Paris &#8211; 2025\" class=\"wpr-anim-timing-ease-default\"><\/div><div class=\"wpr-grid-media-hover wpr-animation-wrap\"><div class=\"wpr-grid-media-hover-bg  wpr-overlay-fade-in wpr-anim-size-large wpr-anim-timing-ease-default wpr-anim-transparency\" data-url=\"https:\/\/www.asso-tempsdanse.fr\/index.php\/2025\/08\/28\/sortie-a-paris\/\"><\/div><\/div><\/div><div class=\"wpr-grid-item-below-content elementor-clearfix\"><div class=\"wpr-grid-item-date elementor-repeater-item-bfba54a wpr-grid-item-display-inline wpr-grid-item-align-left\"><div class=\"inner-block\"><span>28 ao\u00fbt 2025<span class=\"wpr-grid-extra-text-right\"><\/span><\/span><\/div><\/div><h4 class=\"wpr-grid-item-title elementor-repeater-item-dd6fcf8 wpr-grid-item-display-block wpr-grid-item-align-left wpr-pointer-none wpr-pointer-line-fx wpr-pointer-fx-fade\"><div class=\"inner-block\"><a target=\"_self\"  href=\"https:\/\/www.asso-tempsdanse.fr\/index.php\/2025\/08\/28\/sortie-a-paris\/\">Sortie Spectacle \u00e0 Paris &#8211; 2025<\/a><\/div><\/h4><div class=\"wpr-grid-item-excerpt elementor-repeater-item-9c0d119 wpr-grid-item-display-block wpr-grid-item-align-left\"><div class=\"inner-block\"><p>Le 05 juillet 2025, une sortie culturelle \u00e0 Paris a \u00e9t\u00e9 propos\u00e9e aux adh\u00e9rent de l\u2019association : visite guid\u00e9e du\u2026<\/p><\/div><\/div><\/div><\/div><\/article><article class=\"wpr-grid-item elementor-clearfix post-1154 post type-post status-publish format-standard has-post-thumbnail hentry category-informations-2 category-informations entry has-media\"><div class=\"wpr-grid-item-inner\"><div class=\"wpr-grid-media-wrap wpr-effect-size-medium \" data-overlay-link=\"yes\"><div class=\"wpr-grid-image-wrap\" data-src=\"https:\/\/www.asso-tempsdanse.fr\/wp-content\/uploads\/2024\/05\/Affiche-gala-2025-TDLF.jpg\" data-img-on-hover=\"\"  data-src-secondary=\"\"><img decoding=\"async\" data-no-lazy=\"1\" src=\"https:\/\/www.asso-tempsdanse.fr\/wp-content\/uploads\/2024\/05\/Affiche-gala-2025-TDLF.jpg\" alt=\"GALA DE DANSE 2025, TEMPS DANSE LA FERRI\u00c8RE\" class=\"wpr-anim-timing-ease-default\"><\/div><div class=\"wpr-grid-media-hover wpr-animation-wrap\"><div class=\"wpr-grid-media-hover-bg  wpr-overlay-fade-in wpr-anim-size-large wpr-anim-timing-ease-default wpr-anim-transparency\" data-url=\"https:\/\/www.asso-tempsdanse.fr\/index.php\/2024\/05\/01\/gala-danse-2024\/\"><\/div><\/div><\/div><div class=\"wpr-grid-item-below-content elementor-clearfix\"><div class=\"wpr-grid-item-date elementor-repeater-item-bfba54a wpr-grid-item-display-inline wpr-grid-item-align-left\"><div class=\"inner-block\"><span>1 mai 2024<span class=\"wpr-grid-extra-text-right\"><\/span><\/span><\/div><\/div><h4 class=\"wpr-grid-item-title elementor-repeater-item-dd6fcf8 wpr-grid-item-display-block wpr-grid-item-align-left wpr-pointer-none wpr-pointer-line-fx wpr-pointer-fx-fade\"><div class=\"inner-block\"><a target=\"_self\"  href=\"https:\/\/www.asso-tempsdanse.fr\/index.php\/2024\/05\/01\/gala-danse-2024\/\">GALA DE DANSE 2025, TEMPS DANSE LA FERRI\u00c8RE<\/a><\/div><\/h4><div class=\"wpr-grid-item-excerpt elementor-repeater-item-9c0d119 wpr-grid-item-display-block wpr-grid-item-align-left\"><div class=\"inner-block\"><p>L&#039;association Temps Danse La Ferri\u00e8re vous donne rendez-vous pour son Gala de danse 2025, le samedi 24 mai \u00e0 20h00\u2026<\/p><\/div><\/div><\/div><\/div><\/article><article class=\"wpr-grid-item elementor-clearfix post-862 post type-post status-publish format-standard has-post-thumbnail hentry category-informations entry has-media\"><div class=\"wpr-grid-item-inner\"><div class=\"wpr-grid-media-wrap wpr-effect-size-medium \" data-overlay-link=\"yes\"><div class=\"wpr-grid-image-wrap\" data-src=\"https:\/\/www.asso-tempsdanse.fr\/wp-content\/uploads\/2024\/02\/Spectacle.jpg\" data-img-on-hover=\"\"  data-src-secondary=\"\"><img decoding=\"async\" data-no-lazy=\"1\" src=\"https:\/\/www.asso-tempsdanse.fr\/wp-content\/uploads\/2024\/02\/Spectacle.jpg\" alt=\"Sortie Spectacle le 18 f\u00e9vrier 2024\" class=\"wpr-anim-timing-ease-default\"><\/div><div class=\"wpr-grid-media-hover wpr-animation-wrap\"><div class=\"wpr-grid-media-hover-bg  wpr-overlay-fade-in wpr-anim-size-large wpr-anim-timing-ease-default wpr-anim-transparency\" data-url=\"https:\/\/www.asso-tempsdanse.fr\/index.php\/2024\/01\/30\/sortie-spectacle-le-18-fevrier-2024\/\"><\/div><\/div><\/div><div class=\"wpr-grid-item-below-content elementor-clearfix\"><div class=\"wpr-grid-item-date elementor-repeater-item-bfba54a wpr-grid-item-display-inline wpr-grid-item-align-left\"><div class=\"inner-block\"><span>30 janvier 2024<span class=\"wpr-grid-extra-text-right\"><\/span><\/span><\/div><\/div><h4 class=\"wpr-grid-item-title elementor-repeater-item-dd6fcf8 wpr-grid-item-display-block wpr-grid-item-align-left wpr-pointer-none wpr-pointer-line-fx wpr-pointer-fx-fade\"><div class=\"inner-block\"><a target=\"_self\"  href=\"https:\/\/www.asso-tempsdanse.fr\/index.php\/2024\/01\/30\/sortie-spectacle-le-18-fevrier-2024\/\">Sortie Spectacle le 18 f\u00e9vrier 2024<\/a><\/div><\/h4><div class=\"wpr-grid-item-excerpt elementor-repeater-item-9c0d119 wpr-grid-item-display-block wpr-grid-item-align-left\"><div class=\"inner-block\"><p>Temps Danse propose \u00e0 ses adh\u00e9rents une sortie spectacle au Vend\u00e9espace pour la pi\u00e8ce \u00ab Les Saisons \u00bb du Malandain\u2026<\/p><\/div><\/div><\/div><\/div><\/article><article class=\"wpr-grid-item elementor-clearfix post-861 post type-post status-publish format-standard has-post-thumbnail hentry category-informations entry has-media\"><div class=\"wpr-grid-item-inner\"><div class=\"wpr-grid-media-wrap wpr-effect-size-medium \" data-overlay-link=\"yes\"><div class=\"wpr-grid-image-wrap\" data-src=\"https:\/\/www.asso-tempsdanse.fr\/wp-content\/uploads\/2024\/02\/Logo-Site-web.jpg\" data-img-on-hover=\"\"  data-src-secondary=\"\"><img decoding=\"async\" data-no-lazy=\"1\" src=\"https:\/\/www.asso-tempsdanse.fr\/wp-content\/uploads\/2024\/02\/Logo-Site-web.jpg\" alt=\"Nouveau site internet\" class=\"wpr-anim-timing-ease-default\"><\/div><div class=\"wpr-grid-media-hover wpr-animation-wrap\"><div class=\"wpr-grid-media-hover-bg  wpr-overlay-fade-in wpr-anim-size-large wpr-anim-timing-ease-default wpr-anim-transparency\" data-url=\"https:\/\/www.asso-tempsdanse.fr\/index.php\/2024\/01\/29\/nouveau-site-internet\/\"><\/div><\/div><\/div><div class=\"wpr-grid-item-below-content elementor-clearfix\"><div class=\"wpr-grid-item-date elementor-repeater-item-bfba54a wpr-grid-item-display-inline wpr-grid-item-align-left\"><div class=\"inner-block\"><span>29 janvier 2024<span class=\"wpr-grid-extra-text-right\"><\/span><\/span><\/div><\/div><h4 class=\"wpr-grid-item-title elementor-repeater-item-dd6fcf8 wpr-grid-item-display-block wpr-grid-item-align-left wpr-pointer-none wpr-pointer-line-fx wpr-pointer-fx-fade\"><div class=\"inner-block\"><a target=\"_self\"  href=\"https:\/\/www.asso-tempsdanse.fr\/index.php\/2024\/01\/29\/nouveau-site-internet\/\">Nouveau site internet<\/a><\/div><\/h4><div class=\"wpr-grid-item-excerpt elementor-repeater-item-9c0d119 wpr-grid-item-display-block wpr-grid-item-align-left\"><div class=\"inner-block\"><p>Tr\u00e8s heureux de vous annoncer la mise en ligne de notre nouveau site internet !<\/p><\/div><\/div><\/div><\/div><\/article><\/section>\t\t<\/div>\n\t\t\t\t<\/div>\n\t\t\t\t<\/div>\n\t\t\t\t\t<\/div>\n\t\t\t\t<\/div>\n\t\t\t\t\t\t\t<\/div>\n\t\t","protected":false},"excerpt":{"rendered":"<p>ACTUALIT\u00c9S\u200b Informations 30 janvier 2024 Boutique en ligne Pour bien commencer l\u2019ann\u00e9e 2024, la commission \u00e9v\u00e9nementielle vous annonce la cr\u00e9ation de notre boutique en ligne, en partenariat avec\u2026 30 janvier 2024 Sortie Spectacle le 18 f\u00e9vrier 2024 Temps Danse propose \u00e0 ses adh\u00e9rents une sortie spectacle au Vend\u00e9espace pour la pi\u00e8ce \u00ab Les Saisons \u00bb [&hellip;]<\/p>\n","protected":false},"author":1,"featured_media":0,"parent":0,"menu_order":0,"comment_status":"closed","ping_status":"closed","template":"elementor_header_footer","meta":{"footnotes":""},"class_list":["post-623","page","type-page","status-publish","hentry","entry","has-media"],"_links":{"self":[{"href":"https:\/\/www.asso-tempsdanse.fr\/index.php\/wp-json\/wp\/v2\/pages\/623","targetHints":{"allow":["GET"]}}],"collection":[{"href":"https:\/\/www.asso-tempsdanse.fr\/index.php\/wp-json\/wp\/v2\/pages"}],"about":[{"href":"https:\/\/www.asso-tempsdanse.fr\/index.php\/wp-json\/wp\/v2\/types\/page"}],"author":[{"embeddable":true,"href":"https:\/\/www.asso-tempsdanse.fr\/index.php\/wp-json\/wp\/v2\/users\/1"}],"replies":[{"embeddable":true,"href":"https:\/\/www.asso-tempsdanse.fr\/index.php\/wp-json\/wp\/v2\/comments?post=623"}],"version-history":[{"count":40,"href":"https:\/\/www.asso-tempsdanse.fr\/index.php\/wp-json\/wp\/v2\/pages\/623\/revisions"}],"predecessor-version":[{"id":1088,"href":"https:\/\/www.asso-tempsdanse.fr\/index.php\/wp-json\/wp\/v2\/pages\/623\/revisions\/1088"}],"wp:attachment":[{"href":"https:\/\/www.asso-tempsdanse.fr\/index.php\/wp-json\/wp\/v2\/media?parent=623"}],"curies":[{"name":"wp","href":"https:\/\/api.w.org\/{rel}","templated":true}]}}