{"id":567,"date":"2024-02-02T19:08:25","date_gmt":"2024-02-02T18:08:25","guid":{"rendered":"https:\/\/www.asso-tempsdanse.fr\/?page_id=567"},"modified":"2025-07-31T00:34:43","modified_gmt":"2025-07-30T22:34:43","slug":"dany-griveau","status":"publish","type":"page","link":"https:\/\/www.asso-tempsdanse.fr\/index.php\/association\/dany-griveau\/","title":{"rendered":"Dany Griveau"},"content":{"rendered":"\t\t<div data-elementor-type=\"wp-page\" data-elementor-id=\"567\" class=\"elementor elementor-567\">\n\t\t\t\t\t\t\t<div class=\"elementor-element elementor-element-1466437 e-flex e-con-boxed wpr-jarallax-no wpr-sticky-section-no e-con e-parent\" data-id=\"1466437\" data-element_type=\"container\" data-settings=\"{&quot;content_width&quot;:&quot;boxed&quot;}\" data-core-v316-plus=\"true\">\n\t\t\t\t\t<div class=\"e-con-inner\">\n\t\t<div class=\"elementor-element elementor-element-f1d8b53 e-con-full e-flex wpr-jarallax-no wpr-sticky-section-no e-con e-child\" data-id=\"f1d8b53\" data-element_type=\"container\" data-settings=\"{&quot;content_width&quot;:&quot;full&quot;}\">\n\t\t<div class=\"elementor-element elementor-element-f6e9585 e-con-full e-flex wpr-jarallax-no wpr-sticky-section-no e-con e-child\" data-id=\"f6e9585\" data-element_type=\"container\" data-settings=\"{&quot;content_width&quot;:&quot;full&quot;,&quot;background_background&quot;:&quot;classic&quot;}\">\n\t\t\t\t<div class=\"elementor-element elementor-element-a5b79cc elementor-widget elementor-widget-image\" data-id=\"a5b79cc\" data-element_type=\"widget\" data-widget_type=\"image.default\">\n\t\t\t\t<div class=\"elementor-widget-container\">\n\t\t\t<style>\/*! elementor - v3.18.0 - 20-12-2023 *\/\n.elementor-widget-image{text-align:center}.elementor-widget-image a{display:inline-block}.elementor-widget-image a img[src$=\".svg\"]{width:48px}.elementor-widget-image img{vertical-align:middle;display:inline-block}<\/style>\t\t\t\t\t\t\t\t\t\t\t\t<img fetchpriority=\"high\" decoding=\"async\" width=\"720\" height=\"960\" src=\"https:\/\/www.asso-tempsdanse.fr\/wp-content\/uploads\/2024\/01\/Dany.png\" class=\"attachment-full size-full wp-image-167\" alt=\"\" srcset=\"https:\/\/www.asso-tempsdanse.fr\/wp-content\/uploads\/2024\/01\/Dany.png 720w, https:\/\/www.asso-tempsdanse.fr\/wp-content\/uploads\/2024\/01\/Dany-225x300.png 225w\" sizes=\"(max-width: 720px) 100vw, 720px\" \/>\t\t\t\t\t\t\t\t\t\t\t\t\t\t\t<\/div>\n\t\t\t\t<\/div>\n\t\t\t\t<\/div>\n\t\t<div class=\"elementor-element elementor-element-a3abede e-con-full e-flex wpr-jarallax-no wpr-sticky-section-no e-con e-child\" data-id=\"a3abede\" data-element_type=\"container\" data-settings=\"{&quot;content_width&quot;:&quot;full&quot;,&quot;background_background&quot;:&quot;classic&quot;}\">\n\t\t<div class=\"elementor-element elementor-element-5383cf8 e-con-full e-flex wpr-jarallax-no wpr-sticky-section-no e-con e-child\" data-id=\"5383cf8\" data-element_type=\"container\" data-settings=\"{&quot;content_width&quot;:&quot;full&quot;}\">\n\t\t<div class=\"elementor-element elementor-element-f2046fc e-flex e-con-boxed wpr-jarallax-no wpr-sticky-section-no e-con e-child\" data-id=\"f2046fc\" data-element_type=\"container\" data-settings=\"{&quot;content_width&quot;:&quot;boxed&quot;}\">\n\t\t\t\t\t<div class=\"e-con-inner\">\n\t\t\t\t<div class=\"elementor-element elementor-element-93e887e elementor-widget elementor-widget-heading\" data-id=\"93e887e\" data-element_type=\"widget\" data-widget_type=\"heading.default\">\n\t\t\t\t<div class=\"elementor-widget-container\">\n\t\t\t<style>\/*! elementor - v3.18.0 - 20-12-2023 *\/\n.elementor-heading-title{padding:0;margin:0;line-height:1}.elementor-widget-heading .elementor-heading-title[class*=elementor-size-]>a{color:inherit;font-size:inherit;line-height:inherit}.elementor-widget-heading .elementor-heading-title.elementor-size-small{font-size:15px}.elementor-widget-heading .elementor-heading-title.elementor-size-medium{font-size:19px}.elementor-widget-heading .elementor-heading-title.elementor-size-large{font-size:29px}.elementor-widget-heading .elementor-heading-title.elementor-size-xl{font-size:39px}.elementor-widget-heading .elementor-heading-title.elementor-size-xxl{font-size:59px}<\/style><h2 class=\"elementor-heading-title elementor-size-default\">Dany GRIVEAU<\/h2>\t\t<\/div>\n\t\t\t\t<\/div>\n\t\t\t\t<div class=\"elementor-element elementor-element-3012706 elementor-widget elementor-widget-heading\" data-id=\"3012706\" data-element_type=\"widget\" data-widget_type=\"heading.default\">\n\t\t\t\t<div class=\"elementor-widget-container\">\n\t\t\t<h2 class=\"elementor-heading-title elementor-size-default\">Danse Modern'Jazz<\/h2>\t\t<\/div>\n\t\t\t\t<\/div>\n\t\t\t\t\t<\/div>\n\t\t\t\t<\/div>\n\t\t\t\t<div class=\"elementor-element elementor-element-57da7ec elementor-widget elementor-widget-text-editor\" data-id=\"57da7ec\" data-element_type=\"widget\" data-widget_type=\"text-editor.default\">\n\t\t\t\t<div class=\"elementor-widget-container\">\n\t\t\t<style>\/*! elementor - v3.18.0 - 20-12-2023 *\/\n.elementor-widget-text-editor.elementor-drop-cap-view-stacked .elementor-drop-cap{background-color:#69727d;color:#fff}.elementor-widget-text-editor.elementor-drop-cap-view-framed .elementor-drop-cap{color:#69727d;border:3px solid;background-color:transparent}.elementor-widget-text-editor:not(.elementor-drop-cap-view-default) .elementor-drop-cap{margin-top:8px}.elementor-widget-text-editor:not(.elementor-drop-cap-view-default) .elementor-drop-cap-letter{width:1em;height:1em}.elementor-widget-text-editor .elementor-drop-cap{float:left;text-align:center;line-height:1;font-size:50px}.elementor-widget-text-editor .elementor-drop-cap-letter{display:inline-block}<\/style>\t\t\t\t<p class=\"p1\">Dany poss\u00e8de un parcours vari\u00e9, ce qui caract\u00e9rise sa gestuelle singuli\u00e8re.<\/p><p class=\"p1\">Danseur au sein de la Compagnie Force Jazz (Fran\u00e7oise Philippon, Patrice Val\u00e9ro, Sean Hilton, Linda Faoro, Aymeric Bichon et Daniel Tinazzi) jusqu\u2019en 2013, il continuera sa formation de danseur au Conservatoire \u00e0 Rayonnement r\u00e9gional de Paris en cursus jazz de 2011 \u00e0 2014. Il quittera la capitale pour partir en Suisse au Ballet Junior de Gen\u00e8ve dirig\u00e9 par Sean Wood et Patrice Delay.<\/p><p class=\"p1\">Pendant 2 ans, le Ballet Junior de Gen\u00e8ve, lui permet de danser dans des cr\u00e9ations de chor\u00e9graphes internationaux comme Alexander Ekman, Patrice Delcroix, Cindy Van Aker, Hofesch Shechter, Barack Marshall, Sharon Eyal, Roy Assaf et Andonis Foniadakis&#8230;Il participe au festival STEPS (Suisse) en 2016 pour une tourn\u00e9e de 16 repr\u00e9sentations. Il obtient son dipl\u00f4me de danseur interpr\u00e8te et en parall\u00e8le, valide son programme de sensibilisation de l\u2019enseignement aux jeunes enfants en danse contemporaine.<\/p><div class=\"page\" title=\"Page 1\"><div class=\"layoutArea\"><div class=\"column\"><p>De retour dans sa re\u0301gion natal, il obtient la dispense de l\u2019EAT en danse contemporain. Et continue de passer son diplo\u0302me d\u2019e\u0301tat en candidat libre.<\/p><\/div><\/div><\/div><p class=\"p1\">Sa formation ainsi que son travail avec les nombreux chor\u00e9graphes nationaux et internationaux lui permet d\u2019enrichir les \u00e9l\u00e8ves de l\u2019association par toutes ses influences stylistique qu\u2019il a pu traverser.<\/p>\t\t\t\t\t\t<\/div>\n\t\t\t\t<\/div>\n\t\t\t\t<\/div>\n\t\t\t\t<\/div>\n\t\t\t\t<\/div>\n\t\t\t\t\t<\/div>\n\t\t\t\t<\/div>\n\t\t\t\t\t\t\t<\/div>\n\t\t","protected":false},"excerpt":{"rendered":"<p>Dany GRIVEAU Danse Modern&rsquo;Jazz Dany poss\u00e8de un parcours vari\u00e9, ce qui caract\u00e9rise sa gestuelle singuli\u00e8re. Danseur au sein de la Compagnie Force Jazz (Fran\u00e7oise Philippon, Patrice Val\u00e9ro, Sean Hilton, Linda Faoro, Aymeric Bichon et Daniel Tinazzi) jusqu\u2019en 2013, il continuera sa formation de danseur au Conservatoire \u00e0 Rayonnement r\u00e9gional de Paris en cursus jazz de [&hellip;]<\/p>\n","protected":false},"author":1,"featured_media":0,"parent":124,"menu_order":0,"comment_status":"closed","ping_status":"closed","template":"elementor_header_footer","meta":{"footnotes":""},"class_list":["post-567","page","type-page","status-publish","hentry","entry"],"_links":{"self":[{"href":"https:\/\/www.asso-tempsdanse.fr\/index.php\/wp-json\/wp\/v2\/pages\/567","targetHints":{"allow":["GET"]}}],"collection":[{"href":"https:\/\/www.asso-tempsdanse.fr\/index.php\/wp-json\/wp\/v2\/pages"}],"about":[{"href":"https:\/\/www.asso-tempsdanse.fr\/index.php\/wp-json\/wp\/v2\/types\/page"}],"author":[{"embeddable":true,"href":"https:\/\/www.asso-tempsdanse.fr\/index.php\/wp-json\/wp\/v2\/users\/1"}],"replies":[{"embeddable":true,"href":"https:\/\/www.asso-tempsdanse.fr\/index.php\/wp-json\/wp\/v2\/comments?post=567"}],"version-history":[{"count":31,"href":"https:\/\/www.asso-tempsdanse.fr\/index.php\/wp-json\/wp\/v2\/pages\/567\/revisions"}],"predecessor-version":[{"id":1462,"href":"https:\/\/www.asso-tempsdanse.fr\/index.php\/wp-json\/wp\/v2\/pages\/567\/revisions\/1462"}],"up":[{"embeddable":true,"href":"https:\/\/www.asso-tempsdanse.fr\/index.php\/wp-json\/wp\/v2\/pages\/124"}],"wp:attachment":[{"href":"https:\/\/www.asso-tempsdanse.fr\/index.php\/wp-json\/wp\/v2\/media?parent=567"}],"curies":[{"name":"wp","href":"https:\/\/api.w.org\/{rel}","templated":true}]}}