{"id":445,"date":"2024-02-02T16:38:24","date_gmt":"2024-02-02T15:38:24","guid":{"rendered":"https:\/\/www.asso-tempsdanse.fr\/?page_id=445"},"modified":"2025-08-28T20:20:23","modified_gmt":"2025-08-28T18:20:23","slug":"inscriptions-2","status":"publish","type":"page","link":"https:\/\/www.asso-tempsdanse.fr\/index.php\/inscriptions-2\/","title":{"rendered":"Inscriptions"},"content":{"rendered":"<style>\/*! elementor - v3.18.0 - 20-12-2023 *\/\n.elementor-heading-title{padding:0;margin:0;line-height:1}.elementor-widget-heading .elementor-heading-title[class*=elementor-size-]>a{color:inherit;font-size:inherit;line-height:inherit}.elementor-widget-heading .elementor-heading-title.elementor-size-small{font-size:15px}.elementor-widget-heading .elementor-heading-title.elementor-size-medium{font-size:19px}.elementor-widget-heading .elementor-heading-title.elementor-size-large{font-size:29px}.elementor-widget-heading .elementor-heading-title.elementor-size-xl{font-size:39px}.elementor-widget-heading .elementor-heading-title.elementor-size-xxl{font-size:59px}<\/style>\n<h2>Inscriptions 2025\/2026<\/h2>\n<h2>Association Temps Danse La Ferri\u00e8re<\/h2>\n<p>Chaque ann\u00e9e, l&rsquo;association organise des portes ouvertes sur les mois de juin et septembre, afin que vous puissiez venir d\u00e9couvrir les cours.<\/p>\n<h2>Dossier d&rsquo;inscription<\/h2>\n<p>Pour toute demande d&rsquo;essai ou d\u2019inscription, merci d\u2019envoyer un mail \u00e0 notre secr\u00e9taire Agn\u00e8s \u00e0 tempsdanse85280@gmail.com en indiquant :<\/p>\n<p>&#8211; NOM<\/p>\n<p>&#8211; Pr\u00e9nom<\/p>\n<p>&#8211; Date de naissance<\/p>\n<p>&#8211; Num\u00e9ro de t\u00e9l\u00e9phone<\/p>\n<p>&#8211; Activit\u00e9 demand\u00e9e (Danse, Renforcement musculaire, Pilates, Yoga).<\/p>\n<p>Vous recevrez un message en retour sous 8 jours, avec le dossier d\u2019adh\u00e9sion.<\/p>\n<p>(Attention, les groupes de danse G2, G9A, G10 et G11, G12A sont d\u00e9j\u00e0 complets. De m\u00eame, les 3 groupes de Renfo R1, R2 et R3, et de Pilates P1 et P2 sont complets. Il est possible de vous mettre sur liste d&rsquo;attente.)<\/p>\n<p>L&rsquo;association Temps Danse La Ferri\u00e8re sera pr\u00e9sente au forum des associations \u00ab\u00a0Les Assos en f\u00eate \u00ab\u00a0, le samedi 30 ao\u00fbt 2025 de 10h00 \u00e0 13h00.<\/p>\n<h2>R\u00e9ductions <\/h2>\n<ul>\n<li>12 \u20ac de r\u00e9duction sur la cotisation, \u00e0 partir de la 2\u00e8me adh\u00e9sion au sein d&rsquo;une m\u00eame famille (m\u00eame foyer fiscal). Exemple : Vos deux enfants suivent des cours dans l&rsquo;association.<\/li>\n<\/ul>\n<p>\u00a0<\/p>\n<ul>\n<li>R\u00e9duction de -25 % \u00e0 partir de la 2\u00e8me adh\u00e9sion, pour une m\u00eame personne (sur l&rsquo;adh\u00e9sion la moins ch\u00e8re). Exemple : Renforcement Musculaire + Pilates.<\/li>\n<\/ul>\n<h2>Informations compl\u00e9mentaires <\/h2>\n<p>Pour tout renseignement, vous pouvez joindre notre secr\u00e9taire Agn\u00e8s :<\/p>\n<ul>\n<li>par mail, \u00e0 tempsdanse85280@gmail.com<\/li>\n<li>par t\u00e9l\u00e9phone au 02 51 08 82 30 (apr\u00e8s 18h00)<\/li>\n<\/ul>\n<style>\/*! elementor - v3.18.0 - 20-12-2023 *\/\n.elementor-widget-image{text-align:center}.elementor-widget-image a{display:inline-block}.elementor-widget-image a img[src$=\".svg\"]{width:48px}.elementor-widget-image img{vertical-align:middle;display:inline-block}<\/style>\n<p>\t\t\t\t\t\t\t\t\t\t\t\t\t<a href=\"https:\/\/www.asso-tempsdanse.fr\/wp-content\/uploads\/2025\/07\/TARIFS-2025-2026-scaled.jpg\" data-elementor-open-lightbox=\"yes\" data-elementor-lightbox-title=\"TARIFS 2025-2026\" data-e-action-hash=\"#elementor-action%3Aaction%3Dlightbox%26settings%3DeyJpZCI6MTQ0MiwidXJsIjoiaHR0cHM6XC9cL3d3dy5hc3NvLXRlbXBzZGFuc2UuZnJcL3dwLWNvbnRlbnRcL3VwbG9hZHNcLzIwMjVcLzA3XC9UQVJJRlMtMjAyNS0yMDI2LXNjYWxlZC5qcGcifQ%3D%3D\"><br \/>\n\t\t\t\t\t\t\t<img fetchpriority=\"high\" decoding=\"async\" width=\"2560\" height=\"1810\" src=\"https:\/\/www.asso-tempsdanse.fr\/wp-content\/uploads\/2025\/07\/TARIFS-2025-2026-scaled.jpg\" alt=\"\" srcset=\"https:\/\/www.asso-tempsdanse.fr\/wp-content\/uploads\/2025\/07\/TARIFS-2025-2026-scaled.jpg 2560w, https:\/\/www.asso-tempsdanse.fr\/wp-content\/uploads\/2025\/07\/TARIFS-2025-2026-300x212.jpg 300w, https:\/\/www.asso-tempsdanse.fr\/wp-content\/uploads\/2025\/07\/TARIFS-2025-2026-1024x724.jpg 1024w, https:\/\/www.asso-tempsdanse.fr\/wp-content\/uploads\/2025\/07\/TARIFS-2025-2026-768x543.jpg 768w, https:\/\/www.asso-tempsdanse.fr\/wp-content\/uploads\/2025\/07\/TARIFS-2025-2026-1536x1086.jpg 1536w, https:\/\/www.asso-tempsdanse.fr\/wp-content\/uploads\/2025\/07\/TARIFS-2025-2026-2048x1448.jpg 2048w\" sizes=\"(max-width: 2560px) 100vw, 2560px\" \/>\t\t\t\t\t\t\t\t<\/a><br \/>\n\t\t\t\t\t\t\t\t\t\t\t\t\t\t\t\t<a href=\"https:\/\/www.asso-tempsdanse.fr\/wp-content\/uploads\/2025\/07\/PLANNING-DANSE-2025-2026-TD-scaled.jpg\" data-elementor-open-lightbox=\"yes\" data-elementor-lightbox-title=\"PLANNING DANSE 2025-2026 - TD\" data-e-action-hash=\"#elementor-action%3Aaction%3Dlightbox%26settings%3DeyJpZCI6MTQ0NCwidXJsIjoiaHR0cHM6XC9cL3d3dy5hc3NvLXRlbXBzZGFuc2UuZnJcL3dwLWNvbnRlbnRcL3VwbG9hZHNcLzIwMjVcLzA3XC9QTEFOTklORy1EQU5TRS0yMDI1LTIwMjYtVEQtc2NhbGVkLmpwZyJ9\"><br \/>\n\t\t\t\t\t\t\t<img decoding=\"async\" src=\"https:\/\/www.asso-tempsdanse.fr\/wp-content\/uploads\/2025\/07\/PLANNING-DANSE-2025-2026-TD-scaled.jpg\" title=\"PLANNING DANSE 2025-2026 &#8211; TD\" alt=\"PLANNING DANSE 2025-2026 - TD\" loading=\"lazy\" \/>\t\t\t\t\t\t\t\t<\/a><\/p>\n","protected":false},"excerpt":{"rendered":"<p>Inscriptions 2025\/2026 Association Temps Danse La Ferri\u00e8re Chaque ann\u00e9e, l&rsquo;association organise des portes ouvertes sur les mois de juin et septembre, afin que vous puissiez venir d\u00e9couvrir les cours. Dossier d&rsquo;inscription Pour toute demande d&rsquo;essai ou d\u2019inscription, merci d\u2019envoyer un mail \u00e0 notre secr\u00e9taire Agn\u00e8s \u00e0 tempsdanse85280@gmail.com en indiquant : &#8211; NOM &#8211; Pr\u00e9nom &#8211; [&hellip;]<\/p>\n","protected":false},"author":1,"featured_media":0,"parent":0,"menu_order":0,"comment_status":"closed","ping_status":"closed","template":"elementor_header_footer","meta":{"footnotes":""},"class_list":["post-445","page","type-page","status-publish","hentry","entry"],"_links":{"self":[{"href":"https:\/\/www.asso-tempsdanse.fr\/index.php\/wp-json\/wp\/v2\/pages\/445","targetHints":{"allow":["GET"]}}],"collection":[{"href":"https:\/\/www.asso-tempsdanse.fr\/index.php\/wp-json\/wp\/v2\/pages"}],"about":[{"href":"https:\/\/www.asso-tempsdanse.fr\/index.php\/wp-json\/wp\/v2\/types\/page"}],"author":[{"embeddable":true,"href":"https:\/\/www.asso-tempsdanse.fr\/index.php\/wp-json\/wp\/v2\/users\/1"}],"replies":[{"embeddable":true,"href":"https:\/\/www.asso-tempsdanse.fr\/index.php\/wp-json\/wp\/v2\/comments?post=445"}],"version-history":[{"count":79,"href":"https:\/\/www.asso-tempsdanse.fr\/index.php\/wp-json\/wp\/v2\/pages\/445\/revisions"}],"predecessor-version":[{"id":1476,"href":"https:\/\/www.asso-tempsdanse.fr\/index.php\/wp-json\/wp\/v2\/pages\/445\/revisions\/1476"}],"wp:attachment":[{"href":"https:\/\/www.asso-tempsdanse.fr\/index.php\/wp-json\/wp\/v2\/media?parent=445"}],"curies":[{"name":"wp","href":"https:\/\/api.w.org\/{rel}","templated":true}]}}