{"id":1191,"date":"2024-07-14T13:16:18","date_gmt":"2024-07-14T11:16:18","guid":{"rendered":"https:\/\/www.asso-tempsdanse.fr\/?page_id=1191"},"modified":"2025-08-28T20:59:18","modified_gmt":"2025-08-28T18:59:18","slug":"cours-de-yoga","status":"publish","type":"page","link":"https:\/\/www.asso-tempsdanse.fr\/index.php\/cours\/cours-de-yoga\/","title":{"rendered":"Cours de Yoga"},"content":{"rendered":"\t\t<div data-elementor-type=\"wp-page\" data-elementor-id=\"1191\" class=\"elementor elementor-1191\">\n\t\t\t\t\t\t\t<div class=\"elementor-element elementor-element-f01cc6b e-flex e-con-boxed wpr-jarallax-no wpr-sticky-section-no e-con e-parent\" data-id=\"f01cc6b\" data-element_type=\"container\" data-settings=\"{&quot;content_width&quot;:&quot;boxed&quot;}\" data-core-v316-plus=\"true\">\n\t\t\t\t\t<div class=\"e-con-inner\">\n\t\t<div class=\"elementor-element elementor-element-7712a2c e-con-full e-flex wpr-jarallax-no wpr-sticky-section-no e-con e-child\" data-id=\"7712a2c\" data-element_type=\"container\" data-settings=\"{&quot;content_width&quot;:&quot;full&quot;,&quot;background_background&quot;:&quot;classic&quot;}\">\n\t\t<div class=\"elementor-element elementor-element-e287b7d e-con-full e-flex wpr-jarallax-no wpr-sticky-section-no e-con e-child\" data-id=\"e287b7d\" data-element_type=\"container\" data-settings=\"{&quot;content_width&quot;:&quot;full&quot;,&quot;background_background&quot;:&quot;classic&quot;}\">\n\t\t<div class=\"elementor-element elementor-element-9e0098d e-con-full e-flex wpr-jarallax-no wpr-sticky-section-no e-con e-child\" data-id=\"9e0098d\" data-element_type=\"container\" data-settings=\"{&quot;content_width&quot;:&quot;full&quot;}\">\n\t\t\t\t<div class=\"elementor-element elementor-element-43b6819 elementor-widget elementor-widget-heading\" data-id=\"43b6819\" data-element_type=\"widget\" data-widget_type=\"heading.default\">\n\t\t\t\t<div class=\"elementor-widget-container\">\n\t\t\t<style>\/*! elementor - v3.18.0 - 20-12-2023 *\/\n.elementor-heading-title{padding:0;margin:0;line-height:1}.elementor-widget-heading .elementor-heading-title[class*=elementor-size-]>a{color:inherit;font-size:inherit;line-height:inherit}.elementor-widget-heading .elementor-heading-title.elementor-size-small{font-size:15px}.elementor-widget-heading .elementor-heading-title.elementor-size-medium{font-size:19px}.elementor-widget-heading .elementor-heading-title.elementor-size-large{font-size:29px}.elementor-widget-heading .elementor-heading-title.elementor-size-xl{font-size:39px}.elementor-widget-heading .elementor-heading-title.elementor-size-xxl{font-size:59px}<\/style><h2 class=\"elementor-heading-title elementor-size-default\">Cours de Yoga<\/h2>\t\t<\/div>\n\t\t\t\t<\/div>\n\t\t\t\t<div class=\"elementor-element elementor-element-243ecdf elementor-widget elementor-widget-text-editor\" data-id=\"243ecdf\" data-element_type=\"widget\" data-widget_type=\"text-editor.default\">\n\t\t\t\t<div class=\"elementor-widget-container\">\n\t\t\t<style>\/*! elementor - v3.18.0 - 20-12-2023 *\/\n.elementor-widget-text-editor.elementor-drop-cap-view-stacked .elementor-drop-cap{background-color:#69727d;color:#fff}.elementor-widget-text-editor.elementor-drop-cap-view-framed .elementor-drop-cap{color:#69727d;border:3px solid;background-color:transparent}.elementor-widget-text-editor:not(.elementor-drop-cap-view-default) .elementor-drop-cap{margin-top:8px}.elementor-widget-text-editor:not(.elementor-drop-cap-view-default) .elementor-drop-cap-letter{width:1em;height:1em}.elementor-widget-text-editor .elementor-drop-cap{float:left;text-align:center;line-height:1;font-size:50px}.elementor-widget-text-editor .elementor-drop-cap-letter{display:inline-block}<\/style>\t\t\t\t<div class=\"gmail-html-div gmail-xe8uvvx gmail-xdj266r gmail-x11i5rnm gmail-xat24cr gmail-x1mh8g0r gmail-xexx8yu gmail-x4uap5 gmail-x18d9i69 gmail-xkhd6sd\" dir=\"auto\"><div id=\"gmail-:r149:\" class=\"gmail-x1iorvi4 gmail-x1pi30zi gmail-x1l90r2v gmail-x1swvt13\"><div class=\"gmail-x78zum5 gmail-xdt5ytf gmail-xz62fqu gmail-x16ldp7u\"><div class=\"gmail-xu06os2 gmail-x1ok221b\"><div class=\"gmail-xdj266r gmail-x11i5rnm gmail-xat24cr gmail-x1mh8g0r gmail-x1vvkbs gmail-x126k92a\">\u00a0<\/div><div class=\"gmail-x11i5rnm gmail-xat24cr gmail-x1mh8g0r gmail-x1vvkbs gmail-xtlvy1s gmail-x126k92a\"><div dir=\"auto\">Ingrid vous propose un style de yoga dynamique (Vinyasa) qui repose sur une s\u00e9quence de postures (Asanas) d\u00e9di\u00e9e aux bienfaits du corps et de l&rsquo;esprit.<\/div><\/div><div class=\"gmail-x11i5rnm gmail-xat24cr gmail-x1mh8g0r gmail-x1vvkbs gmail-xtlvy1s gmail-x126k92a\"><div dir=\"auto\">Par la synchronisation des mouvements sur la respiration (Pranayama), une pratique r\u00e9guli\u00e8re vous apportera renforcement musculaire, souplesse, \u00e9quilibre, concentration et d\u00e9tente.<\/div><div dir=\"auto\">Une v\u00e9ritable m\u00e9ditation en mouvement.<\/div><\/div><\/div><\/div><\/div><\/div>\t\t\t\t\t\t<\/div>\n\t\t\t\t<\/div>\n\t\t\t\t<div class=\"elementor-element elementor-element-ac10e59 elementor-widget elementor-widget-button\" data-id=\"ac10e59\" data-element_type=\"widget\" data-widget_type=\"button.default\">\n\t\t\t\t<div class=\"elementor-widget-container\">\n\t\t\t\t\t<div class=\"elementor-button-wrapper\">\n\t\t\t<a class=\"elementor-button elementor-button-link elementor-size-sm elementor-animation-grow\" href=\"index.php\/inscriptions\/\">\n\t\t\t\t\t\t<span class=\"elementor-button-content-wrapper\">\n\t\t\t\t\t\t<span class=\"elementor-button-icon elementor-align-icon-right\">\n\t\t\t\t<svg aria-hidden=\"true\" class=\"e-font-icon-svg e-fas-arrow-right\" viewBox=\"0 0 448 512\" xmlns=\"http:\/\/www.w3.org\/2000\/svg\"><path d=\"M190.5 66.9l22.2-22.2c9.4-9.4 24.6-9.4 33.9 0L441 239c9.4 9.4 9.4 24.6 0 33.9L246.6 467.3c-9.4 9.4-24.6 9.4-33.9 0l-22.2-22.2c-9.5-9.5-9.3-25 .4-34.3L311.4 296H24c-13.3 0-24-10.7-24-24v-32c0-13.3 10.7-24 24-24h287.4L190.9 101.2c-9.8-9.3-10-24.8-.4-34.3z\"><\/path><\/svg>\t\t\t<\/span>\n\t\t\t\t\t\t<span class=\"elementor-button-text\">Inscriptions<\/span>\n\t\t<\/span>\n\t\t\t\t\t<\/a>\n\t\t<\/div>\n\t\t\t\t<\/div>\n\t\t\t\t<\/div>\n\t\t\t\t<\/div>\n\t\t\t\t<\/div>\n\t\t<div class=\"elementor-element elementor-element-d82a46a e-con-full e-flex wpr-jarallax-no wpr-sticky-section-no e-con e-child\" data-id=\"d82a46a\" data-element_type=\"container\" data-settings=\"{&quot;content_width&quot;:&quot;full&quot;}\">\n\t\t\t\t<div class=\"elementor-element elementor-element-5e131aa elementor-widget__width-inherit elementor-widget elementor-widget-image\" data-id=\"5e131aa\" data-element_type=\"widget\" data-widget_type=\"image.default\">\n\t\t\t\t<div class=\"elementor-widget-container\">\n\t\t\t<style>\/*! elementor - v3.18.0 - 20-12-2023 *\/\n.elementor-widget-image{text-align:center}.elementor-widget-image a{display:inline-block}.elementor-widget-image a img[src$=\".svg\"]{width:48px}.elementor-widget-image img{vertical-align:middle;display:inline-block}<\/style>\t\t\t\t\t\t\t\t\t\t\t\t<img fetchpriority=\"high\" decoding=\"async\" width=\"2048\" height=\"1363\" src=\"https:\/\/www.asso-tempsdanse.fr\/wp-content\/uploads\/2024\/07\/yoga-libre-de-droits-2048x1363.jpg\" class=\"attachment-2048x2048 size-2048x2048 wp-image-1193\" alt=\"\" srcset=\"https:\/\/www.asso-tempsdanse.fr\/wp-content\/uploads\/2024\/07\/yoga-libre-de-droits-2048x1363.jpg 2048w, https:\/\/www.asso-tempsdanse.fr\/wp-content\/uploads\/2024\/07\/yoga-libre-de-droits-300x200.jpg 300w, https:\/\/www.asso-tempsdanse.fr\/wp-content\/uploads\/2024\/07\/yoga-libre-de-droits-1024x681.jpg 1024w, https:\/\/www.asso-tempsdanse.fr\/wp-content\/uploads\/2024\/07\/yoga-libre-de-droits-768x511.jpg 768w, https:\/\/www.asso-tempsdanse.fr\/wp-content\/uploads\/2024\/07\/yoga-libre-de-droits-1536x1022.jpg 1536w\" sizes=\"(max-width: 2048px) 100vw, 2048px\" \/>\t\t\t\t\t\t\t\t\t\t\t\t\t\t\t<\/div>\n\t\t\t\t<\/div>\n\t\t\t\t<\/div>\n\t\t\t\t<\/div>\n\t\t<div class=\"elementor-element elementor-element-816e829 e-con-full e-flex wpr-jarallax-no wpr-sticky-section-no e-con e-child\" data-id=\"816e829\" data-element_type=\"container\" data-settings=\"{&quot;content_width&quot;:&quot;full&quot;,&quot;background_background&quot;:&quot;classic&quot;}\">\n\t\t\t\t<div class=\"elementor-element elementor-element-78f0139 elementor-widget__width-inherit elementor-widget elementor-widget-image\" data-id=\"78f0139\" data-element_type=\"widget\" data-widget_type=\"image.default\">\n\t\t\t\t<div class=\"elementor-widget-container\">\n\t\t\t\t\t\t\t\t\t\t\t\t\t\t\t\t<a href=\"https:\/\/www.asso-tempsdanse.fr\/wp-content\/uploads\/2025\/07\/PLANNING-DANSE-2025-2026-TD-scaled.jpg\" data-elementor-open-lightbox=\"yes\" data-elementor-lightbox-title=\"PLANNING DANSE 2025-2026 - TD\" data-e-action-hash=\"#elementor-action%3Aaction%3Dlightbox%26settings%3DeyJpZCI6MTQ0NCwidXJsIjoiaHR0cHM6XC9cL3d3dy5hc3NvLXRlbXBzZGFuc2UuZnJcL3dwLWNvbnRlbnRcL3VwbG9hZHNcLzIwMjVcLzA3XC9QTEFOTklORy1EQU5TRS0yMDI1LTIwMjYtVEQtc2NhbGVkLmpwZyJ9\">\n\t\t\t\t\t\t\t<img decoding=\"async\" width=\"2048\" height=\"1448\" src=\"https:\/\/www.asso-tempsdanse.fr\/wp-content\/uploads\/2025\/07\/PLANNING-DANSE-2025-2026-TD-2048x1448.jpg\" class=\"attachment-2048x2048 size-2048x2048 wp-image-1444\" alt=\"\" srcset=\"https:\/\/www.asso-tempsdanse.fr\/wp-content\/uploads\/2025\/07\/PLANNING-DANSE-2025-2026-TD-2048x1448.jpg 2048w, https:\/\/www.asso-tempsdanse.fr\/wp-content\/uploads\/2025\/07\/PLANNING-DANSE-2025-2026-TD-300x212.jpg 300w, https:\/\/www.asso-tempsdanse.fr\/wp-content\/uploads\/2025\/07\/PLANNING-DANSE-2025-2026-TD-1024x724.jpg 1024w, https:\/\/www.asso-tempsdanse.fr\/wp-content\/uploads\/2025\/07\/PLANNING-DANSE-2025-2026-TD-768x543.jpg 768w, https:\/\/www.asso-tempsdanse.fr\/wp-content\/uploads\/2025\/07\/PLANNING-DANSE-2025-2026-TD-1536x1086.jpg 1536w\" sizes=\"(max-width: 2048px) 100vw, 2048px\" \/>\t\t\t\t\t\t\t\t<\/a>\n\t\t\t\t\t\t\t\t\t\t\t\t\t\t\t<\/div>\n\t\t\t\t<\/div>\n\t\t\t\t<\/div>\n\t\t\t\t\t<\/div>\n\t\t\t\t<\/div>\n\t\t\t\t\t\t\t<\/div>\n\t\t","protected":false},"excerpt":{"rendered":"<p>Cours de Yoga \u00a0Ingrid vous propose un style de yoga dynamique (Vinyasa) qui repose sur une s\u00e9quence de postures (Asanas) d\u00e9di\u00e9e aux bienfaits du corps et de l&rsquo;esprit.Par la synchronisation des mouvements sur la respiration (Pranayama), une pratique r\u00e9guli\u00e8re vous apportera renforcement musculaire, souplesse, \u00e9quilibre, concentration et d\u00e9tente.Une v\u00e9ritable m\u00e9ditation en mouvement. Inscriptions<\/p>\n","protected":false},"author":2,"featured_media":1193,"parent":346,"menu_order":0,"comment_status":"closed","ping_status":"closed","template":"","meta":{"footnotes":""},"class_list":["post-1191","page","type-page","status-publish","has-post-thumbnail","hentry","entry","has-media"],"_links":{"self":[{"href":"https:\/\/www.asso-tempsdanse.fr\/index.php\/wp-json\/wp\/v2\/pages\/1191","targetHints":{"allow":["GET"]}}],"collection":[{"href":"https:\/\/www.asso-tempsdanse.fr\/index.php\/wp-json\/wp\/v2\/pages"}],"about":[{"href":"https:\/\/www.asso-tempsdanse.fr\/index.php\/wp-json\/wp\/v2\/types\/page"}],"author":[{"embeddable":true,"href":"https:\/\/www.asso-tempsdanse.fr\/index.php\/wp-json\/wp\/v2\/users\/2"}],"replies":[{"embeddable":true,"href":"https:\/\/www.asso-tempsdanse.fr\/index.php\/wp-json\/wp\/v2\/comments?post=1191"}],"version-history":[{"count":7,"href":"https:\/\/www.asso-tempsdanse.fr\/index.php\/wp-json\/wp\/v2\/pages\/1191\/revisions"}],"predecessor-version":[{"id":1499,"href":"https:\/\/www.asso-tempsdanse.fr\/index.php\/wp-json\/wp\/v2\/pages\/1191\/revisions\/1499"}],"up":[{"embeddable":true,"href":"https:\/\/www.asso-tempsdanse.fr\/index.php\/wp-json\/wp\/v2\/pages\/346"}],"wp:featuredmedia":[{"embeddable":true,"href":"https:\/\/www.asso-tempsdanse.fr\/index.php\/wp-json\/wp\/v2\/media\/1193"}],"wp:attachment":[{"href":"https:\/\/www.asso-tempsdanse.fr\/index.php\/wp-json\/wp\/v2\/media?parent=1191"}],"curies":[{"name":"wp","href":"https:\/\/api.w.org\/{rel}","templated":true}]}}